{"id":3167,"date":"2025-09-11T23:02:28","date_gmt":"2025-09-12T03:02:28","guid":{"rendered":"https:\/\/prometal.com.bo\/tienda\/?post_type=product&#038;p=3167"},"modified":"2025-09-11T23:02:28","modified_gmt":"2025-09-12T03:02:28","slug":"porton-automatico-basculante-cod0002","status":"publish","type":"product","link":"https:\/\/prometal.com.bo\/tienda\/producto\/porton-automatico-basculante-cod0002\/","title":{"rendered":"Port\u00f3n autom\u00e1tico Basculante COD:0002"},"content":{"rendered":"<div id=\"av-layout-grid-5\" class=\"av-layout-grid-container av-usaopi-f47c8d9ae8d30c47a7a4ca962216c732 entry-content-wrapper main_color av-flex-cells avia-builder-el-21 el_after_av_layout_row el_before_av_layout_row grid-row-not-first container_wrap fullsize\">\n<div class=\"flex_cell av-tkayti-bd7e2c4bf2ef223931781aa656721f33 av-gridrow-cell av_one_third no_margin avia-builder-el-22 el_before_av_cell_one_third avia-builder-el-first \">\n<div class=\"flex_cell_inner\">\n<section class=\"av_textblock_section av-nw7sd2-a80a316fee82af82bfad044ad8d88e15 \">\n<div class=\"avia_textblock\">\n<p><strong>INFORMACI\u00d3N DEL PRODUCTO<\/strong><\/p>\n<p>Port\u00f3n autom\u00e1tico Basculante<\/p>\n<p><strong>Medidas:<\/strong> 3.00&#215;3.00 metros<\/p>\n<p><strong>Motor:<\/strong> Basculante 1\/2\u00a0hp<\/p>\n<p><strong>Incluye:<\/strong> 2 controles remoto<\/p>\n<p><strong>Garant\u00eda:<\/strong> 2 a\u00f1os<\/p>\n<\/div>\n<\/section>\n<\/div>\n<\/div>\n<div class=\"flex_cell av-mdx9pi-8862df6f8a39231cc7e00b07ea486c57 av-gridrow-cell av_one_third no_margin avia-builder-el-26 el_after_av_cell_one_third el_before_av_cell_one_third \">\n<div class=\"flex_cell_inner\"><\/div>\n<\/div>\n<div class=\"flex_cell av-kqqkgm-b6ebf6f12333af7bcd3365d77553b923 av-gridrow-cell av_one_third no_margin avia-builder-el-27 el_after_av_cell_one_third avia-builder-el-last \">\n<div class=\"flex_cell_inner\"><\/div>\n<\/div>\n<\/div>\n<div id=\"av-layout-grid-6\" class=\"av-layout-grid-container av-3k3wmu-b66646298e44106bcacae7f2335baeed entry-content-wrapper main_color av-flex-cells avia-builder-el-28 el_after_av_layout_row el_before_av_layout_row grid-row-not-first container_wrap fullsize\">\n<div class=\"flex_cell av-xzl2ae-b391fb40b3a2e75062ddb07f90846052 av-gridrow-cell av_one_full no_margin avia-builder-el-29 avia-builder-el-no-sibling av-zero-padding\">\n<div class=\"flex_cell_inner\">\n<section class=\"av_textblock_section av-wi5712-cc8ead68effa41e12dff4a839b3bd4b8 \">\n<div class=\"avia_textblock\"><\/div>\n<\/section>\n<\/div>\n<\/div>\n<\/div>\n","protected":false},"excerpt":{"rendered":"<p>Port\u00f3n autom\u00e1tico Basculante. Automatizaci\u00f3n con la mejor tecnolog\u00eda del mercado.<\/p>\n","protected":false},"featured_media":3168,"template":"","meta":[],"product_brand":[],"product_cat":[19],"product_tag":[],"class_list":{"0":"post-3167","1":"product","2":"type-product","3":"status-publish","4":"has-post-thumbnail","6":"product_cat-garajes-y-portones","8":"first","9":"instock","10":"shipping-taxable","11":"purchasable","12":"product-type-simple"},"_links":{"self":[{"href":"https:\/\/prometal.com.bo\/tienda\/wp-json\/wp\/v2\/product\/3167","targetHints":{"allow":["GET"]}}],"collection":[{"href":"https:\/\/prometal.com.bo\/tienda\/wp-json\/wp\/v2\/product"}],"about":[{"href":"https:\/\/prometal.com.bo\/tienda\/wp-json\/wp\/v2\/types\/product"}],"wp:featuredmedia":[{"embeddable":true,"href":"https:\/\/prometal.com.bo\/tienda\/wp-json\/wp\/v2\/media\/3168"}],"wp:attachment":[{"href":"https:\/\/prometal.com.bo\/tienda\/wp-json\/wp\/v2\/media?parent=3167"}],"wp:term":[{"taxonomy":"product_brand","embeddable":true,"href":"https:\/\/prometal.com.bo\/tienda\/wp-json\/wp\/v2\/product_brand?post=3167"},{"taxonomy":"product_cat","embeddable":true,"href":"https:\/\/prometal.com.bo\/tienda\/wp-json\/wp\/v2\/product_cat?post=3167"},{"taxonomy":"product_tag","embeddable":true,"href":"https:\/\/prometal.com.bo\/tienda\/wp-json\/wp\/v2\/product_tag?post=3167"}],"curies":[{"name":"wp","href":"https:\/\/api.w.org\/{rel}","templated":true}]}}